{"id":32,"date":"2023-11-15T16:02:33","date_gmt":"2023-11-15T16:02:33","guid":{"rendered":"https:\/\/aiuc2.astro.puc.cl\/?page_id=32"},"modified":"2025-03-13T19:33:42","modified_gmt":"2025-03-13T19:33:42","slug":"servicios","status":"publish","type":"page","link":"https:\/\/www.aiuc.puc.cl\/?page_id=32","title":{"rendered":"Servicios"},"content":{"rendered":"<p>[et_pb_section fb_built=&#8221;1&#8243; admin_label=&#8221;Hero&#8221; _builder_version=&#8221;4.23.1&#8243; background_image=&#8221;https:\/\/www.aiuc.puc.cl\/\/wp-content\/uploads\/2024\/12\/ESO_3.jpg&#8221; custom_margin=&#8221;||||false&#8221; custom_padding=&#8221;10vw||10vw||true|false&#8221; global_colors_info=&#8221;{}&#8221;][et_pb_row _builder_version=&#8221;4.23.1&#8243; global_colors_info=&#8221;{}&#8221;][et_pb_column type=&#8221;4_4&#8243; _builder_version=&#8221;4.23.1&#8243; custom_padding=&#8221;|||&#8221; global_colors_info=&#8221;{}&#8221; custom_padding__hover=&#8221;|||&#8221;][et_pb_text _builder_version=&#8221;4.16&#8243; text_font=&#8221;||||||||&#8221; header_font=&#8221;Rubik|700|||||||&#8221; header_font_size=&#8221;64px&#8221; header_line_height=&#8221;1.1em&#8221; background_layout=&#8221;dark&#8221; max_width=&#8221;800px&#8221; custom_margin=&#8221;||0px|&#8221; custom_padding=&#8221;|||16px&#8221; text_font_size_tablet=&#8221;14px&#8221; text_font_size_last_edited=&#8221;off|desktop&#8221; header_font_size_tablet=&#8221;44px&#8221; header_font_size_phone=&#8221;32px&#8221; header_font_size_last_edited=&#8221;on|phone&#8221; border_color_all=&#8221;#FEC60D&#8221; border_width_left=&#8221;10px&#8221; inline_fonts=&#8221;Roboto&#8221; global_colors_info=&#8221;{}&#8221;]<\/p>\n<h1><strong><span style=\"font-family: Roboto;\">Convenios Internacionales<\/span><\/strong><\/h1>\n<p>[\/et_pb_text][et_pb_text _builder_version=&#8221;4.23.1&#8243; text_font=&#8221;||||||||&#8221; text_text_color=&#8221;#FFFFFF&#8221; text_font_size=&#8221;22px&#8221; text_line_height=&#8221;1.6em&#8221; header_font=&#8221;||||||||&#8221; background_layout=&#8221;dark&#8221; max_width=&#8221;800px&#8221; custom_margin=&#8221;|||&#8221; custom_padding=&#8221;20px||20px||true&#8221; text_font_size_tablet=&#8221;18px&#8221; text_font_size_phone=&#8221;&#8221; text_font_size_last_edited=&#8221;on|phone&#8221; inline_fonts=&#8221;Roboto&#8221; global_colors_info=&#8221;{}&#8221;]<\/p>\n<p><span data-contrast=\"auto\">Establecemos alianzas globales estrat\u00e9gicas con universidades, observatorios y organizaciones cient\u00edficas a trav\u00e9s de nuestros Convenios Internacionales, promoviendo la colaboraci\u00f3n cient\u00edfica de vanguardia, y la prestaci\u00f3n de diversos servicios para el desarrollo cient\u00edfico tecnol\u00f3gico.<\/span><span data-ccp-props=\"{&quot;335551550&quot;:6,&quot;335551620&quot;:6}\">\u00a0<\/span><\/p>\n<p><span>\u00a0<\/span><\/p>\n<p>[\/et_pb_text][\/et_pb_column][\/et_pb_row][\/et_pb_section][et_pb_section fb_built=&#8221;1&#8243; admin_label=&#8221;Project Details&#8221; _builder_version=&#8221;4.16&#8243; custom_padding=&#8221;90px||90px||true&#8221; global_colors_info=&#8221;{}&#8221;][et_pb_row _builder_version=&#8221;4.23.1&#8243; _module_preset=&#8221;default&#8221; global_colors_info=&#8221;{}&#8221;][et_pb_column type=&#8221;4_4&#8243; _builder_version=&#8221;4.23.1&#8243; _module_preset=&#8221;default&#8221; global_colors_info=&#8221;{}&#8221;][et_pb_text _builder_version=&#8221;4.23.1&#8243; _module_preset=&#8221;default&#8221; global_colors_info=&#8221;{}&#8221;]<\/p>\n<p><span data-contrast=\"auto\">El Centro de Astro-Ingenier\u00eda a trav\u00e9s de la Pontificia Universidad Cat\u00f3lica puede colaborar y apoyar formalmente, mediante la firma de acuerdos internacionales, a diversas instituciones internacionales, ya sea en investigaci\u00f3n como en servicios. <\/span><span data-ccp-props=\"{&quot;335551550&quot;:6,&quot;335551620&quot;:6}\">\u00a0<\/span><\/p>\n<p><span data-contrast=\"auto\">En la actualidad, los acuerdos internacionales vigentes del Centro tienen el foco de brindar servicios a observatorios internacionales instalados en Chile, apoyando la gesti\u00f3n de contrataciones de personal y servicios.\u00a0<\/span><span data-ccp-props=\"{&quot;335551550&quot;:6,&quot;335551620&quot;:6}\">\u00a0<\/span><\/p>\n<p><span data-contrast=\"auto\">Hoy en d\u00eda el AIUC tiene los siguientes acuerdos internacionales:<\/span><span data-ccp-props=\"{&quot;335551550&quot;:6,&quot;335551620&quot;:6}\">\u00a0<\/span><\/p>\n<p>[\/et_pb_text][\/et_pb_column][\/et_pb_row][et_pb_row column_structure=&#8221;1_2,1_2&#8243; _builder_version=&#8221;4.16&#8243; global_colors_info=&#8221;{}&#8221;][et_pb_column type=&#8221;1_2&#8243; _builder_version=&#8221;4.16&#8243; custom_padding=&#8221;|||&#8221; global_colors_info=&#8221;{}&#8221; custom_padding__hover=&#8221;|||&#8221;][et_pb_divider color=&#8221;#FEC60D&#8221; divider_position=&#8221;center&#8221; divider_weight=&#8221;5px&#8221; _builder_version=&#8221;4.16&#8243; max_width=&#8221;50px&#8221; locked=&#8221;off&#8221; global_colors_info=&#8221;{}&#8221;][\/et_pb_divider][et_pb_text _builder_version=&#8221;4.23.1&#8243; text_font=&#8221;||||||||&#8221; text_font_size=&#8221;15px&#8221; text_line_height=&#8221;1.8em&#8221; custom_padding=&#8221;|||&#8221; custom_padding_tablet=&#8221;|40px||40px||true&#8221; custom_padding_last_edited=&#8221;off|desktop&#8221; locked=&#8221;off&#8221; global_colors_info=&#8221;{}&#8221;]<\/p>\n<p><b><span data-contrast=\"auto\">Universidad de Tokio<\/span><\/b><span data-contrast=\"auto\">, para gesti\u00f3n de personal y servicios para el <\/span><b><span data-contrast=\"auto\">telescopio TAO<\/span><\/b><span data-contrast=\"auto\"> (Tokyo Atacama Observatory), ubicado en el altiplano de la regi\u00f3n de Antofagasta, y que posee el record Guiness de ser el observatorio ubicado en la m\u00e1s alta latitud geogr\u00e1fica, a 5.640 m.s.n.m. En el contexto de este acuerdo, el AIUC ha gestionado la contrataci\u00f3n de tres profesionales full-time, entre los que se cuentan dos ingenieros, adem\u00e1s de otras gestiones tales como el cumplimiento de la normativa laboral para trabajo en gran altura, entre otros.\u00a0<\/span><span data-ccp-props=\"{&quot;335551550&quot;:6,&quot;335551620&quot;:6}\">\u00a0<\/span><\/p>\n<p><span data-ccp-props=\"{&quot;335551550&quot;:6,&quot;335551620&quot;:6}\">Foto: <span data-contrast=\"auto\" style=\"font-size: 11pt; line-height: 19.425px; font-family: Aptos, 'Aptos_EmbeddedFont', 'Aptos_MSFontService', sans-serif;\" xml:lang=\"ES-CL\" lang=\"ES-CL\" class=\"TextRun SCXW130610569 BCX2\"><span class=\"NormalTextRun SCXW130610569 BCX2\">TAO Project <\/span><span class=\"NormalTextRun SpellingErrorV2Themed SCXW130610569 BCX2\">website<\/span><span class=\"NormalTextRun SCXW130610569 BCX2\"> <\/span><\/span><a class=\"Hyperlink SCXW130610569 BCX2\" style=\"text-decoration: none; color: inherit;\" href=\"https:\/\/www.ioa.s.u-tokyo.ac.jp\/TAO\/en\/index.html\" target=\"_blank\" rel=\"noreferrer noopener\"><span style=\"color: #467886; font-size: 11pt; text-decoration: underline; line-height: 19.425px; font-family: Aptos, 'Aptos_EmbeddedFont', 'Aptos_MSFontService', sans-serif;\" data-contrast=\"none\" xml:lang=\"ES-CL\" lang=\"ES-CL\" class=\"TextRun Underlined SCXW130610569 BCX2\"><span class=\"NormalTextRun SCXW130610569 BCX2\" data-ccp-charstyle=\"Hyperlink\">https:\/\/www.ioa.s.u-tokyo.ac.jp\/TAO\/en\/index.html<\/span><\/span><\/a><\/span><\/p>\n<p><span data-ccp-props=\"{&quot;335551550&quot;:6,&quot;335551620&quot;:6}\"><\/span><\/p>\n<ul><\/ul>\n<p>[\/et_pb_text][\/et_pb_column][et_pb_column type=&#8221;1_2&#8243; _builder_version=&#8221;4.16&#8243; custom_padding=&#8221;|||&#8221; global_colors_info=&#8221;{}&#8221; custom_padding__hover=&#8221;|||&#8221;][et_pb_image src=&#8221;https:\/\/www.aiuc.puc.cl\/\/wp-content\/uploads\/2024\/12\/TAO-Site-e1735910650469.png&#8221; title_text=&#8221;TAO Site&#8221; force_fullwidth=&#8221;on&#8221; align_tablet=&#8221;center&#8221; align_phone=&#8221;center&#8221; align_last_edited=&#8221;on|desktop&#8221; _builder_version=&#8221;4.23.1&#8243; height=&#8221;364px&#8221; custom_margin=&#8221;-12px||19px|||&#8221; custom_padding=&#8221;||3px|0px||&#8221; locked=&#8221;off&#8221; global_colors_info=&#8221;{}&#8221;][\/et_pb_image][\/et_pb_column][\/et_pb_row][et_pb_row column_structure=&#8221;1_2,1_2&#8243; _builder_version=&#8221;4.17.3&#8243; global_colors_info=&#8221;{}&#8221;][et_pb_column type=&#8221;1_2&#8243; _builder_version=&#8221;4.16&#8243; custom_padding=&#8221;|||&#8221; global_colors_info=&#8221;{}&#8221; custom_padding__hover=&#8221;|||&#8221;][et_pb_image src=&#8221;https:\/\/www.aiuc.puc.cl\/\/wp-content\/uploads\/2024\/12\/Captura-de-pantalla-2024-12-11-012342-e1735910509844.png&#8221; title_text=&#8221;apex&#8221; force_fullwidth=&#8221;on&#8221; align_tablet=&#8221;center&#8221; align_phone=&#8221;center&#8221; align_last_edited=&#8221;on|desktop&#8221; _builder_version=&#8221;4.23.1&#8243; height=&#8221;439px&#8221; max_height=&#8221;506px&#8221; custom_padding=&#8221;||0px|||&#8221; locked=&#8221;off&#8221; global_colors_info=&#8221;{}&#8221;][\/et_pb_image][\/et_pb_column][et_pb_column type=&#8221;1_2&#8243; _builder_version=&#8221;4.16&#8243; custom_padding=&#8221;|||&#8221; global_colors_info=&#8221;{}&#8221; custom_padding__hover=&#8221;|||&#8221;][et_pb_divider color=&#8221;#FEC60D&#8221; divider_position=&#8221;center&#8221; divider_weight=&#8221;5px&#8221; _builder_version=&#8221;4.16&#8243; max_width=&#8221;50px&#8221; locked=&#8221;off&#8221; global_colors_info=&#8221;{}&#8221;][\/et_pb_divider][et_pb_text _builder_version=&#8221;4.23.1&#8243; text_font=&#8221;||||||||&#8221; text_font_size=&#8221;15px&#8221; text_line_height=&#8221;1.8em&#8221; custom_padding=&#8221;||0px|||&#8221; custom_padding_tablet=&#8221;|40px||40px||true&#8221; custom_padding_last_edited=&#8221;off|desktop&#8221; locked=&#8221;off&#8221; global_colors_info=&#8221;{}&#8221;]<\/p>\n<p><b><span data-contrast=\"auto\">Max-Planck Institute for Radioastronomy<\/span><\/b><span data-contrast=\"auto\"> (MPIfR), para la gestion de contrataciones de personal y servicios para el <\/span><b><span data-contrast=\"auto\">telescopio APEX<\/span><\/b><span data-contrast=\"auto\">, ubicado en el altiplano de la regi\u00f3n de Antofagasta. En el marco de este acuerdo, el Centro de Astro-Ingenier\u00eda ha gestionado la contrataci\u00f3n de dos astr\u00f3nomos y dos ingenieros full-time para el observatorio, en conjunto con una serie de servicios, entre lo que se encuentran mantenciones para el telescopio y el observatorio, asesor\u00eda y gesti\u00f3n para la asistencia a conferencias internacionales, compras de insumos para el personal y\/o el observatorio, organizaci\u00f3n de eventos, entre otros.<\/span><\/p>\n<p><span data-contrast=\"auto\">Foto: <\/span><span data-contrast=\"auto\">APEX-ESO website: <\/span><a href=\"https:\/\/www.eso.org\/public\/images\/apex-sunset\/\"><span data-contrast=\"none\">https:\/\/www.eso.org\/public\/images\/apex-sunset\/<\/span><\/a><span data-ccp-props=\"{&quot;335551550&quot;:6,&quot;335551620&quot;:6}\">\u00a0<\/span><\/p>\n<p><span data-contrast=\"auto\"><\/span><span data-ccp-props=\"{&quot;335551550&quot;:6,&quot;335551620&quot;:6}\"><br \/><\/span><\/p>\n<p>[\/et_pb_text][\/et_pb_column][\/et_pb_row][\/et_pb_section][et_pb_section fb_built=&#8221;1&#8243; fullwidth=&#8221;on&#8221; _builder_version=&#8221;4.23.1&#8243; _module_preset=&#8221;default&#8221; global_colors_info=&#8221;{}&#8221;][\/et_pb_section]<\/p>\n","protected":false},"excerpt":{"rendered":"<p>Convenios InternacionalesEstablecemos alianzas globales estrat\u00e9gicas con universidades, observatorios y organizaciones cient\u00edficas a trav\u00e9s de nuestros Convenios Internacionales, promoviendo la colaboraci\u00f3n cient\u00edfica de vanguardia, y la prestaci\u00f3n de diversos servicios para el desarrollo cient\u00edfico tecnol\u00f3gico.\u00a0 \u00a0El Centro de Astro-Ingenier\u00eda a trav\u00e9s de la Pontificia Universidad Cat\u00f3lica puede colaborar y apoyar formalmente, mediante la firma de acuerdos [&hellip;]<\/p>\n","protected":false},"author":1,"featured_media":0,"parent":0,"menu_order":0,"comment_status":"closed","ping_status":"closed","template":"","meta":{"_et_pb_use_builder":"on","_et_pb_old_content":"<!-- wp:divi\/placeholder \/-->","_et_gb_content_width":"","footnotes":""},"_links":{"self":[{"href":"https:\/\/www.aiuc.puc.cl\/index.php?rest_route=\/wp\/v2\/pages\/32"}],"collection":[{"href":"https:\/\/www.aiuc.puc.cl\/index.php?rest_route=\/wp\/v2\/pages"}],"about":[{"href":"https:\/\/www.aiuc.puc.cl\/index.php?rest_route=\/wp\/v2\/types\/page"}],"author":[{"embeddable":true,"href":"https:\/\/www.aiuc.puc.cl\/index.php?rest_route=\/wp\/v2\/users\/1"}],"replies":[{"embeddable":true,"href":"https:\/\/www.aiuc.puc.cl\/index.php?rest_route=%2Fwp%2Fv2%2Fcomments&post=32"}],"version-history":[{"count":16,"href":"https:\/\/www.aiuc.puc.cl\/index.php?rest_route=\/wp\/v2\/pages\/32\/revisions"}],"predecessor-version":[{"id":2034,"href":"https:\/\/www.aiuc.puc.cl\/index.php?rest_route=\/wp\/v2\/pages\/32\/revisions\/2034"}],"wp:attachment":[{"href":"https:\/\/www.aiuc.puc.cl\/index.php?rest_route=%2Fwp%2Fv2%2Fmedia&parent=32"}],"curies":[{"name":"wp","href":"https:\/\/api.w.org\/{rel}","templated":true}]}}