{"id":44,"date":"2023-11-15T16:03:53","date_gmt":"2023-11-15T16:03:53","guid":{"rendered":"https:\/\/aiuc2.astro.puc.cl\/?page_id=44"},"modified":"2025-02-27T19:17:55","modified_gmt":"2025-02-27T19:17:55","slug":"optica-adaptativa","status":"publish","type":"page","link":"https:\/\/www.aiuc.puc.cl\/?page_id=44","title":{"rendered":"\u00d3ptica Adaptativa"},"content":{"rendered":"<p>[et_pb_section fb_built=&#8221;1&#8243; admin_label=&#8221;Hero&#8221; _builder_version=&#8221;4.23.1&#8243; background_image=&#8221;https:\/\/www.aiuc.puc.cl\/\/wp-content\/uploads\/2024\/03\/optica_adaptativa_vlt_eso.jpg&#8221; custom_margin=&#8221;||||false&#8221; custom_padding=&#8221;10vw||10vw||true|false&#8221; global_colors_info=&#8221;{}&#8221;][et_pb_row column_structure=&#8221;2_3,1_3&#8243; _builder_version=&#8221;4.16&#8243; global_colors_info=&#8221;{}&#8221;][et_pb_column type=&#8221;2_3&#8243; _builder_version=&#8221;4.16&#8243; custom_padding=&#8221;|||&#8221; global_colors_info=&#8221;{}&#8221; custom_padding__hover=&#8221;|||&#8221;][et_pb_text _builder_version=&#8221;4.17.4&#8243; text_font=&#8221;||||||||&#8221; header_font=&#8221;Rubik|700|||||||&#8221; header_font_size=&#8221;64px&#8221; header_line_height=&#8221;1.1em&#8221; background_layout=&#8221;dark&#8221; max_width=&#8221;800px&#8221; custom_margin=&#8221;||0px|&#8221; custom_padding=&#8221;|||16px&#8221; text_font_size_tablet=&#8221;14px&#8221; text_font_size_last_edited=&#8221;off|desktop&#8221; header_font_size_tablet=&#8221;44px&#8221; header_font_size_phone=&#8221;32px&#8221; header_font_size_last_edited=&#8221;on|phone&#8221; border_color_all=&#8221;#FEC60D&#8221; border_width_left=&#8221;10px&#8221; inline_fonts=&#8221;Roboto&#8221; global_colors_info=&#8221;{}&#8221;]<\/p>\n<h1><strong><span style=\"font-family: Roboto;\"><span>\u00d3ptica Adaptativa<\/span><\/span><\/strong><\/h1>\n<p>[\/et_pb_text][et_pb_text _builder_version=&#8221;4.23.1&#8243; text_font=&#8221;Roboto||||||||&#8221; text_font_size=&#8221;20px&#8221; text_letter_spacing=&#8221;0.25px&#8221; text_line_height=&#8221;20px&#8221; header_font=&#8221;||||||||&#8221; background_layout=&#8221;dark&#8221; max_width=&#8221;800px&#8221; custom_margin=&#8221;|||&#8221; custom_padding=&#8221;20px||20px||true&#8221; text_font_size_tablet=&#8221;18px&#8221; text_font_size_phone=&#8221;&#8221; text_font_size_last_edited=&#8221;on|phone&#8221; inline_fonts=&#8221;Roboto&#8221; global_colors_info=&#8221;{}&#8221;]<\/p>\n<p><span data-contrast=\"auto\">El Centro de Astro-Ingenier\u00eda posee un equipamiento completo en espejos deformables, sensores de frente de onda, \u00f3ptica, l\u00e1seres y procesadores que nos permiten investigar y desarrollar tecnolog\u00edas y algoritmos para lo \u00f3ptica adaptativa.\u00a0<\/span><span data-ccp-props=\"{&quot;335551550&quot;:6,&quot;335551620&quot;:6}\">\u00a0<\/span><\/p>\n<p><span>\u00a0<\/span><\/p>\n<p>[\/et_pb_text][\/et_pb_column][et_pb_column type=&#8221;1_3&#8243; _builder_version=&#8221;4.16&#8243; custom_padding=&#8221;|||&#8221; global_colors_info=&#8221;{}&#8221; custom_padding__hover=&#8221;|||&#8221;][\/et_pb_column][\/et_pb_row][\/et_pb_section][et_pb_section fb_built=&#8221;1&#8243; admin_label=&#8221;About&#8221; _builder_version=&#8221;4.16&#8243; _module_preset=&#8221;default&#8221; global_colors_info=&#8221;{}&#8221;][et_pb_row column_structure=&#8221;1_2,1_2&#8243; _builder_version=&#8221;4.16&#8243; _module_preset=&#8221;default&#8221; global_colors_info=&#8221;{}&#8221;][et_pb_column type=&#8221;1_2&#8243; _builder_version=&#8221;4.16&#8243; _module_preset=&#8221;default&#8221; custom_padding=&#8221;|||&#8221; global_colors_info=&#8221;{}&#8221; custom_padding__hover=&#8221;|||&#8221;][et_pb_text _builder_version=&#8221;4.23.1&#8243; _module_preset=&#8221;default&#8221; text_font=&#8221;||||||||&#8221; text_font_size=&#8221;15px&#8221; text_line_height=&#8221;1.8em&#8221; custom_padding=&#8221;|||&#8221; custom_padding_tablet=&#8221;|40px||40px||true&#8221; custom_padding_last_edited=&#8221;off|desktop&#8221; global_colors_info=&#8221;{}&#8221;]<\/p>\n<p style=\"text-align: justify;\"><span data-contrast=\"auto\">La \u00d3ptica Adaptativa es una tecnolog\u00eda revolucionaria en el campo de la Astro-Ingenier\u00eda que ha transformado la capacidad de observar el universo.\u00a0<\/span><span data-ccp-props=\"{&quot;335551550&quot;:6,&quot;335551620&quot;:6}\">\u00a0<\/span><\/p>\n<p style=\"text-align: justify;\"><span data-contrast=\"auto\">Esta t\u00e9cnica corrige en tiempo real las distorsiones atmosf\u00e9ricas que afectan la calidad de las im\u00e1genes astron\u00f3micas, permitiendo obtener im\u00e1genes m\u00e1s n\u00edtidas y detalladas de objetos celestes, incluso en condiciones de turbulencias atmosf\u00e9ricas.\u00a0<\/span><span data-ccp-props=\"{&quot;335551550&quot;:6,&quot;335551620&quot;:6}\">\u00a0<\/span><\/p>\n<p style=\"text-align: justify;\"><span data-contrast=\"auto\">Gracias a esta tecnolog\u00eda, los telescopios terrestres logran alcanzar niveles de resoluci\u00f3n comparables a los telescopios espaciales, abriendo nuevas fronteras en la exploraci\u00f3n del Cosmos y en la comprensi\u00f3n del Universo.\u00a0<\/span><span data-ccp-props=\"{&quot;335551550&quot;:6,&quot;335551620&quot;:6}\">\u00a0<\/span><\/p>\n<p>[\/et_pb_text][\/et_pb_column][et_pb_column type=&#8221;1_2&#8243; _builder_version=&#8221;4.16&#8243; _module_preset=&#8221;default&#8221; custom_padding=&#8221;|||&#8221; global_colors_info=&#8221;{}&#8221; custom_padding__hover=&#8221;|||&#8221;][et_pb_text _builder_version=&#8221;4.23.1&#8243; _module_preset=&#8221;default&#8221; text_font=&#8221;||||||||&#8221; text_font_size=&#8221;15px&#8221; text_line_height=&#8221;1.8em&#8221; custom_padding=&#8221;|||&#8221; custom_padding_tablet=&#8221;|40px||40px||true&#8221; custom_padding_last_edited=&#8221;off|desktop&#8221; locked=&#8221;off&#8221; global_colors_info=&#8221;{}&#8221;]<\/p>\n<p style=\"text-align: justify;\"><span data-contrast=\"auto\">La \u00d3ptica Adaptativa ha jugado un papel fundamental en el avance de la astronom\u00eda en Chile, especialmente en los observatorios ubicados en las regiones del Norte del pa\u00eds, donde las condiciones atmosf\u00e9ricas son extremadamente favorables para la observaci\u00f3n astron\u00f3mica. Gracias a esta tecnolog\u00eda, los telescopios de Chile pueden compensar las distorsiones causadas por la atmosfera terrestre, lo que permite obtener im\u00e1genes de mayor calidad y resoluci\u00f3n. <\/span><\/p>\n<p style=\"text-align: justify;\"><span data-contrast=\"auto\">Su implementaci\u00f3n ya ha sido realizada en el Observatorio de Cerro Paranal operado por el Observatorio Europeo Austral (ESO, por sus siglas en ingles), donde se utiliza en los telescopios Very Large Telescope (VLT). Adem\u00e1s, el futuro Extremely Large Telescope (ELT), que actualmente est\u00e1 en construcci\u00f3n en el Cerro Armazones en la regi\u00f3n de Antofagasta, tambi\u00e9n incorporar\u00e1 sistemas de \u00f3ptica adaptativa de \u00faltima generaci\u00f3n.\u00a0<\/span><span data-ccp-props=\"{&quot;335551550&quot;:6,&quot;335551620&quot;:6}\">\u00a0<\/span><\/p>\n<p>[\/et_pb_text][\/et_pb_column][\/et_pb_row][\/et_pb_section]<\/p>\n","protected":false},"excerpt":{"rendered":"<p>\u00d3ptica AdaptativaEl Centro de Astro-Ingenier\u00eda posee un equipamiento completo en espejos deformables, sensores de frente de onda, \u00f3ptica, l\u00e1seres y procesadores que nos permiten investigar y desarrollar tecnolog\u00edas y algoritmos para lo \u00f3ptica adaptativa.\u00a0\u00a0 \u00a0La \u00d3ptica Adaptativa es una tecnolog\u00eda revolucionaria en el campo de la Astro-Ingenier\u00eda que ha transformado la capacidad de observar el [&hellip;]<\/p>\n","protected":false},"author":1,"featured_media":0,"parent":0,"menu_order":0,"comment_status":"closed","ping_status":"closed","template":"","meta":{"_et_pb_use_builder":"on","_et_pb_old_content":"<!-- wp:divi\/placeholder \/-->","_et_gb_content_width":"","footnotes":""},"_links":{"self":[{"href":"https:\/\/www.aiuc.puc.cl\/index.php?rest_route=\/wp\/v2\/pages\/44"}],"collection":[{"href":"https:\/\/www.aiuc.puc.cl\/index.php?rest_route=\/wp\/v2\/pages"}],"about":[{"href":"https:\/\/www.aiuc.puc.cl\/index.php?rest_route=\/wp\/v2\/types\/page"}],"author":[{"embeddable":true,"href":"https:\/\/www.aiuc.puc.cl\/index.php?rest_route=\/wp\/v2\/users\/1"}],"replies":[{"embeddable":true,"href":"https:\/\/www.aiuc.puc.cl\/index.php?rest_route=%2Fwp%2Fv2%2Fcomments&post=44"}],"version-history":[{"count":13,"href":"https:\/\/www.aiuc.puc.cl\/index.php?rest_route=\/wp\/v2\/pages\/44\/revisions"}],"predecessor-version":[{"id":2009,"href":"https:\/\/www.aiuc.puc.cl\/index.php?rest_route=\/wp\/v2\/pages\/44\/revisions\/2009"}],"wp:attachment":[{"href":"https:\/\/www.aiuc.puc.cl\/index.php?rest_route=%2Fwp%2Fv2%2Fmedia&parent=44"}],"curies":[{"name":"wp","href":"https:\/\/api.w.org\/{rel}","templated":true}]}}