{"id":76,"date":"2023-11-15T16:07:34","date_gmt":"2023-11-15T16:07:34","guid":{"rendered":"https:\/\/aiuc2.astro.puc.cl\/?page_id=76"},"modified":"2025-02-04T20:30:39","modified_gmt":"2025-02-04T20:30:39","slug":"areas-de-investigacion","status":"publish","type":"page","link":"https:\/\/www.aiuc.puc.cl\/?page_id=76","title":{"rendered":"\u00c1reas de Investigaci\u00f3n"},"content":{"rendered":"<p>[et_pb_section fb_built=&#8221;1&#8243; admin_label=&#8221;Hero&#8221; _builder_version=&#8221;4.23.1&#8243; background_image=&#8221;https:\/\/www.aiuc.puc.cl\/\/wp-content\/uploads\/2024\/01\/sunset-4560060_1920.jpg&#8221; custom_margin=&#8221;||||false&#8221; custom_padding=&#8221;10vw||10vw||false|false&#8221; global_colors_info=&#8221;{}&#8221;][et_pb_row column_structure=&#8221;2_3,1_3&#8243; _builder_version=&#8221;4.17.4&#8243; background_enable_image=&#8221;off&#8221; custom_margin=&#8221;11px|auto||auto||&#8221; global_colors_info=&#8221;{}&#8221;][et_pb_column type=&#8221;2_3&#8243; _builder_version=&#8221;4.16&#8243; custom_padding=&#8221;|||&#8221; global_colors_info=&#8221;{}&#8221; custom_padding__hover=&#8221;|||&#8221;][et_pb_text _builder_version=&#8221;4.23.1&#8243; text_font=&#8221;Roboto||||||||&#8221; header_font=&#8221;Roboto|700|||||||&#8221; header_font_size=&#8221;64px&#8221; header_line_height=&#8221;48px&#8221; background_layout=&#8221;dark&#8221; max_width=&#8221;800px&#8221; custom_margin=&#8221;||0px|&#8221; custom_padding=&#8221;|||16px&#8221; text_font_size_tablet=&#8221;14px&#8221; text_font_size_last_edited=&#8221;off|desktop&#8221; header_font_size_tablet=&#8221;44px&#8221; header_font_size_phone=&#8221;32px&#8221; header_font_size_last_edited=&#8221;on|phone&#8221; border_color_all=&#8221;#FEC60D&#8221; border_width_left=&#8221;10px&#8221; inline_fonts=&#8221;Roboto&#8221; global_colors_info=&#8221;{}&#8221;]<\/p>\n<h1><strong><span style=\"font-family: Roboto;\">\u00c1reas de Investigaci\u00f3n<\/span><\/strong><\/h1>\n<p>[\/et_pb_text][et_pb_text _builder_version=&#8221;4.23.1&#8243; text_font=&#8221;Roboto|500|||||||&#8221; text_font_size=&#8221;20px&#8221; text_letter_spacing=&#8221;0.25px&#8221; text_line_height=&#8221;24px&#8221; header_font=&#8221;||||||||&#8221; background_layout=&#8221;dark&#8221; max_width=&#8221;800px&#8221; custom_margin=&#8221;|||&#8221; custom_padding=&#8221;20px||20px||true&#8221; text_font_size_tablet=&#8221;18px&#8221; text_font_size_phone=&#8221;&#8221; text_font_size_last_edited=&#8221;on|phone&#8221; inline_fonts=&#8221;Roboto&#8221; global_colors_info=&#8221;{}&#8221;]<\/p>\n<p><span style=\"color: #fec60d;\">Explorando los l\u00edmites del conocimiento: Investigaciones en Radioastronom\u00eda, Espectroscop\u00eda, \u00d3ptica Adaptativa, Fondo c\u00f3smico de Microondas, Simulaciones Cosmol\u00f3gicas e Ingenier\u00eda Aeroespacial<\/span><\/p>\n<p>[\/et_pb_text][\/et_pb_column][et_pb_column type=&#8221;1_3&#8243; _builder_version=&#8221;4.16&#8243; custom_padding=&#8221;|||&#8221; global_colors_info=&#8221;{}&#8221; custom_padding__hover=&#8221;|||&#8221;][\/et_pb_column][\/et_pb_row][\/et_pb_section][et_pb_section fb_built=&#8221;1&#8243; admin_label=&#8221;Related Services&#8221; _builder_version=&#8221;4.23.1&#8243; background_color=&#8221;#f7f7f7&#8243; global_colors_info=&#8221;{}&#8221;][et_pb_row column_structure=&#8221;1_2,1_2&#8243; use_custom_gutter=&#8221;on&#8221; _builder_version=&#8221;4.16&#8243; custom_margin=&#8221;|||&#8221; custom_padding=&#8221;||0px|||&#8221; global_colors_info=&#8221;{}&#8221;][et_pb_column type=&#8221;1_2&#8243; _builder_version=&#8221;4.16&#8243; custom_padding=&#8221;|||&#8221; global_colors_info=&#8221;{}&#8221; custom_padding__hover=&#8221;|||&#8221;][et_pb_image src=&#8221;https:\/\/www.aiuc.puc.cl\/\/wp-content\/uploads\/2023\/12\/3-b6cec264-30cc-4ccf-8c72-86e6e78cf8de-672&#215;352.jpg&#8221; title_text=&#8221;3-b6cec264-30cc-4ccf-8c72-86e6e78cf8de-672&#215;352&#8243; force_fullwidth=&#8221;on&#8221; align_tablet=&#8221;center&#8221; align_phone=&#8221;center&#8221; align_last_edited=&#8221;on|desktop&#8221; _builder_version=&#8221;4.23.1&#8243; height=&#8221;260px&#8221; custom_margin=&#8221;||52px|||&#8221; custom_padding=&#8221;||0px|||&#8221; box_shadow_style=&#8221;preset3&#8243; box_shadow_vertical=&#8221;30px&#8221; box_shadow_blur=&#8221;65px&#8221; box_shadow_spread=&#8221;-30px&#8221; box_shadow_color=&#8221;rgba(0,0,0,0.35)&#8221; global_colors_info=&#8221;{}&#8221;][\/et_pb_image][et_pb_cta title=&#8221;Espectroscop\u00eda&#8221; button_url=&#8221;https:\/\/www.aiuc.puc.cl\/?page_id=66&#8243; button_text=&#8221;Leer m\u00e1s&#8221; _builder_version=&#8221;4.23.1&#8243; header_font=&#8221;Roboto|700||on|||||&#8221; header_font_size=&#8221;24px&#8221; header_letter_spacing=&#8221;0.18px&#8221; header_line_height=&#8221;28px&#8221; body_font=&#8221;Roboto||||||||&#8221; body_font_size=&#8221;15px&#8221; body_line_height=&#8221;1.8em&#8221; use_background_color=&#8221;off&#8221; custom_button=&#8221;on&#8221; button_text_size=&#8221;11px&#8221; button_text_color=&#8221;#666666&#8243; button_border_color=&#8221;#dfdfdf&#8221; button_border_radius=&#8221;0px&#8221; button_letter_spacing=&#8221;4px&#8221; button_font=&#8221;Roboto|700||on|||||&#8221; button_icon=&#8221;&#x24;||divi||400&#8243; text_orientation=&#8221;left&#8221; background_layout=&#8221;light&#8221; width=&#8221;100%&#8221; max_width=&#8221;100%&#8221; min_height=&#8221;311.2px&#8221; height=&#8221;100px&#8221; custom_margin=&#8221;-24px||-7px|||&#8221; custom_padding=&#8221;37px|35px|37px|35px|true|true&#8221; border_width_all=&#8221;1px&#8221; border_color_all=&#8221;rgba(0,0,0,0.12)&#8221; button_letter_spacing_hover=&#8221;4px&#8221; button_bg_color_hover=&#8221;rgba(0,0,0,0)&#8221; locked=&#8221;off&#8221; inline_fonts=&#8221;Roboto&#8221; global_colors_info=&#8221;{}&#8221; button_text_size__hover_enabled=&#8221;off&#8221; button_one_text_size__hover_enabled=&#8221;off&#8221; button_two_text_size__hover_enabled=&#8221;off&#8221; button_text_color__hover_enabled=&#8221;off&#8221; button_one_text_color__hover_enabled=&#8221;off&#8221; button_two_text_color__hover_enabled=&#8221;off&#8221; button_border_width__hover_enabled=&#8221;off&#8221; button_one_border_width__hover_enabled=&#8221;off&#8221; button_two_border_width__hover_enabled=&#8221;off&#8221; button_border_color__hover_enabled=&#8221;off&#8221; button_one_border_color__hover_enabled=&#8221;off&#8221; button_two_border_color__hover_enabled=&#8221;off&#8221; button_border_radius__hover_enabled=&#8221;off&#8221; button_one_border_radius__hover_enabled=&#8221;off&#8221; button_two_border_radius__hover_enabled=&#8221;off&#8221; button_letter_spacing__hover_enabled=&#8221;on&#8221; button_letter_spacing__hover=&#8221;4px&#8221; button_one_letter_spacing__hover_enabled=&#8221;off&#8221; button_two_letter_spacing__hover_enabled=&#8221;off&#8221; button_bg_color__hover_enabled=&#8221;on&#8221; button_bg_color__hover=&#8221;rgba(0,0,0,0)&#8221; button_one_bg_color__hover_enabled=&#8221;off&#8221; button_two_bg_color__hover_enabled=&#8221;off&#8221;]<\/p>\n<p><span>T\u00e9cnica clave en Astrof\u00edsica, marca el inicio de esta disciplina al proporcionar datos cruciales sobre par\u00e1metros f\u00edsicos de fuentes celestes.<\/span><\/p>\n<p>[\/et_pb_cta][\/et_pb_column][et_pb_column type=&#8221;1_2&#8243; _builder_version=&#8221;4.16&#8243; custom_padding=&#8221;|||&#8221; global_colors_info=&#8221;{}&#8221; custom_padding__hover=&#8221;|||&#8221;][et_pb_image src=&#8221;https:\/\/www.aiuc.puc.cl\/\/wp-content\/uploads\/2024\/01\/optica_adaptativa_vlt_eso.jpg&#8221; title_text=&#8221;optica_adaptativa_vlt_eso&#8221; force_fullwidth=&#8221;on&#8221; align_tablet=&#8221;center&#8221; align_phone=&#8221;center&#8221; align_last_edited=&#8221;on|desktop&#8221; _builder_version=&#8221;4.23.1&#8243; height=&#8221;260px&#8221; custom_margin=&#8221;||30px|&#8221; custom_padding=&#8221;||0px|||&#8221; box_shadow_style=&#8221;preset3&#8243; box_shadow_vertical=&#8221;30px&#8221; box_shadow_blur=&#8221;65px&#8221; box_shadow_spread=&#8221;-30px&#8221; box_shadow_color=&#8221;rgba(0,0,0,0.35)&#8221; global_colors_info=&#8221;{}&#8221;][\/et_pb_image][et_pb_cta title=&#8221;\u00d3ptica Adaptativa&#8221; button_url=&#8221;https:\/\/www.aiuc.puc.cl\/?page_id=44&#8243; button_text=&#8221;leer m\u00e1s&#8221; _builder_version=&#8221;4.23.1&#8243; header_font=&#8221;Roboto|700||on|||||&#8221; header_font_size=&#8221;24px&#8221; header_letter_spacing=&#8221;0.18px&#8221; header_line_height=&#8221;28px&#8221; body_font=&#8221;Roboto||||||||&#8221; body_font_size=&#8221;15px&#8221; body_line_height=&#8221;1.8em&#8221; use_background_color=&#8221;off&#8221; custom_button=&#8221;on&#8221; button_text_size=&#8221;11px&#8221; button_text_color=&#8221;#666666&#8243; button_border_color=&#8221;#dfdfdf&#8221; button_border_radius=&#8221;0px&#8221; button_letter_spacing=&#8221;4px&#8221; button_font=&#8221;Roboto|700||on|||||&#8221; button_icon=&#8221;&#x24;||divi||400&#8243; text_orientation=&#8221;left&#8221; background_layout=&#8221;light&#8221; min_height=&#8221;476.5px&#8221; custom_margin=&#8221;||-639px|||&#8221; custom_padding=&#8221;39px|35px|39px|35px|true|true&#8221; hover_enabled=&#8221;0&#8243; border_width_all=&#8221;1px&#8221; border_color_all=&#8221;rgba(0,0,0,0.12)&#8221; button_letter_spacing_hover=&#8221;4px&#8221; button_bg_color_hover=&#8221;rgba(0,0,0,0)&#8221; locked=&#8221;off&#8221; inline_fonts=&#8221;Roboto&#8221; global_colors_info=&#8221;{}&#8221; button_text_size__hover_enabled=&#8221;off&#8221; button_one_text_size__hover_enabled=&#8221;off&#8221; button_two_text_size__hover_enabled=&#8221;off&#8221; button_text_color__hover_enabled=&#8221;off&#8221; button_one_text_color__hover_enabled=&#8221;off&#8221; button_two_text_color__hover_enabled=&#8221;off&#8221; button_border_width__hover_enabled=&#8221;off&#8221; button_one_border_width__hover_enabled=&#8221;off&#8221; button_two_border_width__hover_enabled=&#8221;off&#8221; button_border_color__hover_enabled=&#8221;off&#8221; button_one_border_color__hover_enabled=&#8221;off&#8221; button_two_border_color__hover_enabled=&#8221;off&#8221; button_border_radius__hover_enabled=&#8221;off&#8221; button_one_border_radius__hover_enabled=&#8221;off&#8221; button_two_border_radius__hover_enabled=&#8221;off&#8221; button_letter_spacing__hover_enabled=&#8221;on&#8221; button_letter_spacing__hover=&#8221;4px&#8221; button_one_letter_spacing__hover_enabled=&#8221;off&#8221; button_two_letter_spacing__hover_enabled=&#8221;off&#8221; button_bg_color__hover_enabled=&#8221;on&#8221; button_bg_color__hover=&#8221;rgba(0,0,0,0)&#8221; button_one_bg_color__hover_enabled=&#8221;off&#8221; button_two_bg_color__hover_enabled=&#8221;off&#8221; sticky_enabled=&#8221;0&#8243;]<\/p>\n<p><span>El Centro de Astro-Ingenier\u00eda posee un equipamiento completo en espejos deformables, sensores de frente de onda, \u00f3ptica, l\u00e1seres y procesadores que nos permiten investigar y desarrollar tecnolog\u00edas y algoritmos para lo \u00f3ptica adaptativa.<\/span><\/p>\n<p>[\/et_pb_cta][\/et_pb_column][\/et_pb_row][et_pb_row column_structure=&#8221;1_2,1_2&#8243; use_custom_gutter=&#8221;on&#8221; _builder_version=&#8221;4.16&#8243; min_height=&#8221;829.5px&#8221; custom_margin=&#8221;|||&#8221; global_colors_info=&#8221;{}&#8221;][et_pb_column type=&#8221;1_2&#8243; _builder_version=&#8221;4.16&#8243; custom_padding=&#8221;|||&#8221; global_colors_info=&#8221;{}&#8221; custom_padding__hover=&#8221;|||&#8221;][et_pb_image src=&#8221;https:\/\/www.aiuc.puc.cl\/\/wp-content\/uploads\/2024\/01\/VLA_Moonset_NIK_0991-scaled.jpg&#8221; title_text=&#8221;VLA_Moonset_NIK_0991&#8243; force_fullwidth=&#8221;on&#8221; align_tablet=&#8221;center&#8221; align_phone=&#8221;center&#8221; align_last_edited=&#8221;on|desktop&#8221; admin_label=&#8221;Image&#8221; _builder_version=&#8221;4.23.1&#8243; height=&#8221;258px&#8221; custom_margin=&#8221;||30px|&#8221; custom_padding=&#8221;||0px|||&#8221; box_shadow_style=&#8221;preset3&#8243; box_shadow_vertical=&#8221;30px&#8221; box_shadow_blur=&#8221;65px&#8221; box_shadow_spread=&#8221;-30px&#8221; box_shadow_color=&#8221;rgba(0,0,0,0.35)&#8221; global_colors_info=&#8221;{}&#8221;][\/et_pb_image][et_pb_cta title=&#8221;Radioastronom\u00eda&#8221; button_url=&#8221;https:\/\/www.aiuc.puc.cl\/?page_id=34&#8243; button_text=&#8221;leer m\u00e1s&#8221; admin_label=&#8221;Call To Action&#8221; _builder_version=&#8221;4.23.1&#8243; header_font=&#8221;Roboto|700||on|||||&#8221; header_font_size=&#8221;24px&#8221; header_letter_spacing=&#8221;0.18px&#8221; header_line_height=&#8221;28px&#8221; body_font=&#8221;Roboto||||||||&#8221; body_font_size=&#8221;15px&#8221; body_line_height=&#8221;1.8em&#8221; use_background_color=&#8221;off&#8221; custom_button=&#8221;on&#8221; button_text_size=&#8221;11px&#8221; button_text_color=&#8221;#666666&#8243; button_border_color=&#8221;#dfdfdf&#8221; button_border_radius=&#8221;0px&#8221; button_letter_spacing=&#8221;4px&#8221; button_font=&#8221;Roboto|700||on|||||&#8221; button_icon=&#8221;&#x24;||divi||400&#8243; text_orientation=&#8221;left&#8221; background_layout=&#8221;light&#8221; min_height=&#8221;476.5px&#8221; custom_padding=&#8221;39px|35px|39px|35px|true|true&#8221; border_width_all=&#8221;1px&#8221; border_color_all=&#8221;rgba(0,0,0,0.12)&#8221; button_letter_spacing_hover=&#8221;4px&#8221; button_bg_color_hover=&#8221;rgba(0,0,0,0)&#8221; locked=&#8221;off&#8221; inline_fonts=&#8221;Roboto&#8221; global_colors_info=&#8221;{}&#8221; button_text_size__hover_enabled=&#8221;off&#8221; button_one_text_size__hover_enabled=&#8221;off&#8221; button_two_text_size__hover_enabled=&#8221;off&#8221; button_text_color__hover_enabled=&#8221;off&#8221; button_one_text_color__hover_enabled=&#8221;off&#8221; button_two_text_color__hover_enabled=&#8221;off&#8221; button_border_width__hover_enabled=&#8221;off&#8221; button_one_border_width__hover_enabled=&#8221;off&#8221; button_two_border_width__hover_enabled=&#8221;off&#8221; button_border_color__hover_enabled=&#8221;off&#8221; button_one_border_color__hover_enabled=&#8221;off&#8221; button_two_border_color__hover_enabled=&#8221;off&#8221; button_border_radius__hover_enabled=&#8221;off&#8221; button_one_border_radius__hover_enabled=&#8221;off&#8221; button_two_border_radius__hover_enabled=&#8221;off&#8221; button_letter_spacing__hover_enabled=&#8221;on&#8221; button_letter_spacing__hover=&#8221;4px&#8221; button_one_letter_spacing__hover_enabled=&#8221;off&#8221; button_two_letter_spacing__hover_enabled=&#8221;off&#8221; button_bg_color__hover_enabled=&#8221;on&#8221; button_bg_color__hover=&#8221;rgba(0,0,0,0)&#8221; button_one_bg_color__hover_enabled=&#8221;off&#8221; button_two_bg_color__hover_enabled=&#8221;off&#8221;]<\/p>\n<p class=\"p1\"><span>El estudio del universo fr\u00edo revelado a trav\u00e9s de ondas electromagn\u00e9ticas largas, en un rango que abarca desde los metros hasta algunos micrones de longitud.<\/span><\/p>\n<p>[\/et_pb_cta][et_pb_image src=&#8221;https:\/\/www.aiuc.puc.cl\/\/wp-content\/uploads\/2024\/01\/cena_lic-lp-nature-cropped.jpg&#8221; title_text=&#8221;cena_lic-lp-nature-cropped&#8221; force_fullwidth=&#8221;on&#8221; align_tablet=&#8221;center&#8221; align_phone=&#8221;center&#8221; align_last_edited=&#8221;on|desktop&#8221; _builder_version=&#8221;4.23.1&#8243; height=&#8221;260px&#8221; custom_margin=&#8221;||30px|&#8221; custom_padding=&#8221;||0px|||&#8221; box_shadow_style=&#8221;preset3&#8243; box_shadow_vertical=&#8221;30px&#8221; box_shadow_blur=&#8221;65px&#8221; box_shadow_spread=&#8221;-30px&#8221; box_shadow_color=&#8221;rgba(0,0,0,0.35)&#8221; global_colors_info=&#8221;{}&#8221;][\/et_pb_image][et_pb_cta title=&#8221; Simulaciones cosmol\u00f3gicas&#8221; button_url=&#8221;https:\/\/www.aiuc.puc.cl\/?page_id=30&#8243; button_text=&#8221;leer m\u00e1s&#8221; admin_label=&#8221;Call To Action&#8221; _builder_version=&#8221;4.23.1&#8243; header_font=&#8221;Roboto|700||on|||||&#8221; header_font_size=&#8221;24px&#8221; header_letter_spacing=&#8221;0.18px&#8221; header_line_height=&#8221;28px&#8221; body_font=&#8221;Roboto||||||||&#8221; body_font_size=&#8221;15px&#8221; body_line_height=&#8221;1.8em&#8221; use_background_color=&#8221;off&#8221; custom_button=&#8221;on&#8221; button_text_size=&#8221;11px&#8221; button_text_color=&#8221;#666666&#8243; button_border_color=&#8221;#dfdfdf&#8221; button_border_radius=&#8221;0px&#8221; button_letter_spacing=&#8221;4px&#8221; button_font=&#8221;Roboto|700||on|||||&#8221; button_icon=&#8221;&#x24;||divi||400&#8243; text_orientation=&#8221;left&#8221; background_layout=&#8221;light&#8221; min_height=&#8221;476.5px&#8221; custom_padding=&#8221;39px|35px|39px|35px|true|true&#8221; hover_enabled=&#8221;0&#8243; border_width_all=&#8221;1px&#8221; border_color_all=&#8221;rgba(0,0,0,0.12)&#8221; button_letter_spacing_hover=&#8221;4px&#8221; button_bg_color_hover=&#8221;rgba(0,0,0,0)&#8221; locked=&#8221;off&#8221; inline_fonts=&#8221;Roboto&#8221; global_colors_info=&#8221;{}&#8221; button_text_size__hover_enabled=&#8221;off&#8221; button_one_text_size__hover_enabled=&#8221;off&#8221; button_two_text_size__hover_enabled=&#8221;off&#8221; button_text_color__hover_enabled=&#8221;off&#8221; button_one_text_color__hover_enabled=&#8221;off&#8221; button_two_text_color__hover_enabled=&#8221;off&#8221; button_border_width__hover_enabled=&#8221;off&#8221; button_one_border_width__hover_enabled=&#8221;off&#8221; button_two_border_width__hover_enabled=&#8221;off&#8221; button_border_color__hover_enabled=&#8221;off&#8221; button_one_border_color__hover_enabled=&#8221;off&#8221; button_two_border_color__hover_enabled=&#8221;off&#8221; button_border_radius__hover_enabled=&#8221;off&#8221; button_one_border_radius__hover_enabled=&#8221;off&#8221; button_two_border_radius__hover_enabled=&#8221;off&#8221; button_letter_spacing__hover_enabled=&#8221;on&#8221; button_letter_spacing__hover=&#8221;4px&#8221; button_one_letter_spacing__hover_enabled=&#8221;off&#8221; button_two_letter_spacing__hover_enabled=&#8221;off&#8221; button_bg_color__hover_enabled=&#8221;on&#8221; button_bg_color__hover=&#8221;rgba(0,0,0,0)&#8221; button_one_bg_color__hover_enabled=&#8221;off&#8221; button_two_bg_color__hover_enabled=&#8221;off&#8221; sticky_enabled=&#8221;0&#8243;]<\/p>\n<p class=\"p1\"><span>Sumergi\u00e9ndonos en el fascinante mundo de la investigaci\u00f3n c\u00f3smica, las simulaciones se erigen como herramientas poderosas que nos permiten explorar el Universo.<\/span><\/p>\n<p>[\/et_pb_cta][\/et_pb_column][et_pb_column type=&#8221;1_2&#8243; _builder_version=&#8221;4.16&#8243; custom_padding=&#8221;|||&#8221; global_colors_info=&#8221;{}&#8221; custom_padding__hover=&#8221;|||&#8221;][et_pb_image src=&#8221;https:\/\/www.aiuc.puc.cl\/\/wp-content\/uploads\/2025\/01\/The_Cosmic_microwave_background_CMB_as_observed_by_Planck_pillars.jpg&#8221; title_text=&#8221;ESO_7&#8243; _builder_version=&#8221;4.23.1&#8243; _module_preset=&#8221;default&#8221; global_colors_info=&#8221;{}&#8221;][\/et_pb_image][et_pb_cta title=&#8221;Fondo C\u00f3smico de Microondas&#8221; button_url=&#8221;https:\/\/www.aiuc.puc.cl\/?page_id=1798&#8243; button_text=&#8221;Leer m\u00e1s&#8221; _builder_version=&#8221;4.23.1&#8243; _module_preset=&#8221;3cddbd7f-a0cf-4bcc-a243-55b62a2b831c&#8221; global_colors_info=&#8221;{}&#8221;]<\/p>\n<p>El universo en su estado m\u00e1s primitivo estudiado a trav\u00e9s de las ondas electromagn\u00e9ticas m\u00e1s antiguas que hemos recibido.<\/p>\n<p>[\/et_pb_cta][et_pb_image src=&#8221;https:\/\/www.aiuc.puc.cl\/\/wp-content\/uploads\/2024\/01\/spacex-VBNb52J8Trk-unsplash-scaled.jpg&#8221; title_text=&#8221;spacex-VBNb52J8Trk-unsplash&#8221; force_fullwidth=&#8221;on&#8221; align_tablet=&#8221;center&#8221; align_phone=&#8221;center&#8221; align_last_edited=&#8221;on|desktop&#8221; _builder_version=&#8221;4.23.1&#8243; height=&#8221;260px&#8221; custom_margin=&#8221;||30px|&#8221; custom_padding=&#8221;||0px|||&#8221; box_shadow_style=&#8221;preset3&#8243; box_shadow_vertical=&#8221;30px&#8221; box_shadow_blur=&#8221;65px&#8221; box_shadow_spread=&#8221;-30px&#8221; box_shadow_color=&#8221;rgba(0,0,0,0.35)&#8221; global_colors_info=&#8221;{}&#8221;][\/et_pb_image][et_pb_cta title=&#8221; INGENIER\u00cdA AEROESPACIAL&#8221; button_url=&#8221;https:\/\/www.aiuc.puc.cl\/?page_id=911&#8243; button_text=&#8221;leer m\u00e1s&#8221; admin_label=&#8221;Call To Action&#8221; _builder_version=&#8221;4.23.1&#8243; _module_preset=&#8221;3cddbd7f-a0cf-4bcc-a243-55b62a2b831c&#8221; hover_enabled=&#8221;0&#8243; button_letter_spacing_hover=&#8221;4px&#8221; button_bg_color_hover=&#8221;rgba(0,0,0,0)&#8221; locked=&#8221;off&#8221; inline_fonts=&#8221;Roboto&#8221; global_colors_info=&#8221;{}&#8221; button_one_text_size__hover_enabled=&#8221;off&#8221; button_two_text_size__hover_enabled=&#8221;off&#8221; button_one_text_color__hover_enabled=&#8221;off&#8221; button_two_text_color__hover_enabled=&#8221;off&#8221; button_one_border_width__hover_enabled=&#8221;off&#8221; button_two_border_width__hover_enabled=&#8221;off&#8221; button_one_border_color__hover_enabled=&#8221;off&#8221; button_two_border_color__hover_enabled=&#8221;off&#8221; button_one_border_radius__hover_enabled=&#8221;off&#8221; button_two_border_radius__hover_enabled=&#8221;off&#8221; button_one_letter_spacing__hover_enabled=&#8221;off&#8221; button_two_letter_spacing__hover_enabled=&#8221;off&#8221; button_one_bg_color__hover_enabled=&#8221;off&#8221; button_two_bg_color__hover_enabled=&#8221;off&#8221; sticky_enabled=&#8221;0&#8243;]<\/p>\n<p class=\"p1\"><span>Abriendo las puertas del cosmos: Innovaci\u00f3n y descubrimiento a trav\u00e9s de la ingenier\u00eda aeroespacial.<br \/><\/span><\/p>\n<p>[\/et_pb_cta][\/et_pb_column][\/et_pb_row][\/et_pb_section]<\/p>\n","protected":false},"excerpt":{"rendered":"<p>\u00c1reas de Investigaci\u00f3nExplorando los l\u00edmites del conocimiento: Investigaciones en Radioastronom\u00eda, Espectroscop\u00eda, \u00d3ptica Adaptativa, Fondo c\u00f3smico de Microondas, Simulaciones Cosmol\u00f3gicas e Ingenier\u00eda AeroespacialT\u00e9cnica clave en Astrof\u00edsica, marca el inicio de esta disciplina al proporcionar datos cruciales sobre par\u00e1metros f\u00edsicos de fuentes celestes.El Centro de Astro-Ingenier\u00eda posee un equipamiento completo en espejos deformables, sensores de frente de [&hellip;]<\/p>\n","protected":false},"author":1,"featured_media":0,"parent":0,"menu_order":0,"comment_status":"closed","ping_status":"closed","template":"","meta":{"_et_pb_use_builder":"on","_et_pb_old_content":"","_et_gb_content_width":"","footnotes":""},"_links":{"self":[{"href":"https:\/\/www.aiuc.puc.cl\/index.php?rest_route=\/wp\/v2\/pages\/76"}],"collection":[{"href":"https:\/\/www.aiuc.puc.cl\/index.php?rest_route=\/wp\/v2\/pages"}],"about":[{"href":"https:\/\/www.aiuc.puc.cl\/index.php?rest_route=\/wp\/v2\/types\/page"}],"author":[{"embeddable":true,"href":"https:\/\/www.aiuc.puc.cl\/index.php?rest_route=\/wp\/v2\/users\/1"}],"replies":[{"embeddable":true,"href":"https:\/\/www.aiuc.puc.cl\/index.php?rest_route=%2Fwp%2Fv2%2Fcomments&post=76"}],"version-history":[{"count":19,"href":"https:\/\/www.aiuc.puc.cl\/index.php?rest_route=\/wp\/v2\/pages\/76\/revisions"}],"predecessor-version":[{"id":1989,"href":"https:\/\/www.aiuc.puc.cl\/index.php?rest_route=\/wp\/v2\/pages\/76\/revisions\/1989"}],"wp:attachment":[{"href":"https:\/\/www.aiuc.puc.cl\/index.php?rest_route=%2Fwp%2Fv2%2Fmedia&parent=76"}],"curies":[{"name":"wp","href":"https:\/\/api.w.org\/{rel}","templated":true}]}}