{"id":767,"date":"2024-01-25T17:44:19","date_gmt":"2024-01-25T17:44:19","guid":{"rendered":"https:\/\/aiuc2.astro.puc.cl\/?page_id=767"},"modified":"2025-02-27T18:39:07","modified_gmt":"2025-02-27T18:39:07","slug":"transferencia-tecnologica","status":"publish","type":"page","link":"https:\/\/www.aiuc.puc.cl\/?page_id=767","title":{"rendered":"Transferencia Tecnol\u00f3gica"},"content":{"rendered":"<p>[et_pb_section fb_built=&#8221;1&#8243; admin_label=&#8221;Hero&#8221; _builder_version=&#8221;4.23.1&#8243; background_image=&#8221;https:\/\/www.aiuc.puc.cl\/\/wp-content\/uploads\/2025\/01\/DJI_0084-scaled.jpg&#8221; custom_margin=&#8221;||||false&#8221; custom_padding=&#8221;9vw||9vw||true|false&#8221; global_colors_info=&#8221;{}&#8221;][et_pb_row _builder_version=&#8221;4.23.1&#8243; global_colors_info=&#8221;{}&#8221;][et_pb_column type=&#8221;4_4&#8243; _builder_version=&#8221;4.16&#8243; custom_padding=&#8221;|||&#8221; global_colors_info=&#8221;{}&#8221; custom_padding__hover=&#8221;|||&#8221;][et_pb_text _builder_version=&#8221;4.16&#8243; text_font=&#8221;||||||||&#8221; header_font=&#8221;Rubik|700|||||||&#8221; header_font_size=&#8221;64px&#8221; header_line_height=&#8221;1.1em&#8221; background_layout=&#8221;dark&#8221; max_width=&#8221;800px&#8221; custom_margin=&#8221;||0px|&#8221; custom_padding=&#8221;|||16px&#8221; text_font_size_tablet=&#8221;14px&#8221; text_font_size_last_edited=&#8221;off|desktop&#8221; header_font_size_tablet=&#8221;44px&#8221; header_font_size_phone=&#8221;32px&#8221; header_font_size_last_edited=&#8221;on|phone&#8221; border_color_all=&#8221;#FEC60D&#8221; border_width_left=&#8221;10px&#8221; inline_fonts=&#8221;Roboto&#8221; global_colors_info=&#8221;{}&#8221;]<\/p>\n<h1><strong><span style=\"font-family: Roboto;\">Transferencia Tecnol\u00f3gica<\/span><\/strong><\/h1>\n<p>[\/et_pb_text][et_pb_text _builder_version=&#8221;4.23.1&#8243; text_font=&#8221;||||||||&#8221; text_text_color=&#8221;#E3AE00&#8243; text_font_size=&#8221;22px&#8221; text_line_height=&#8221;1.6em&#8221; header_font=&#8221;||||||||&#8221; background_layout=&#8221;dark&#8221; max_width=&#8221;800px&#8221; custom_margin=&#8221;|||&#8221; custom_padding=&#8221;20px||20px||true&#8221; text_font_size_tablet=&#8221;18px&#8221; text_font_size_phone=&#8221;&#8221; text_font_size_last_edited=&#8221;on|phone&#8221; inline_fonts=&#8221;Roboto&#8221; global_colors_info=&#8221;{}&#8221;]<\/p>\n<p><span style=\"color: #ffffff;\">Establecemos alianzas y colaboraciones estrat\u00e9gicas para la Transferencia Tecnol\u00f3gica hacia la industria, con principal foco en la industria de los observatorios en Chile.<\/span><\/p>\n<p>[\/et_pb_text][\/et_pb_column][\/et_pb_row][\/et_pb_section][et_pb_section fb_built=&#8221;1&#8243; admin_label=&#8221;Project Details&#8221; _builder_version=&#8221;4.16&#8243; custom_padding=&#8221;90px||90px||true&#8221; global_colors_info=&#8221;{}&#8221;][et_pb_row _builder_version=&#8221;4.23.1&#8243; hover_enabled=&#8221;0&#8243; global_colors_info=&#8221;{}&#8221; custom_padding=&#8221;|||9px||&#8221; sticky_enabled=&#8221;0&#8243;][et_pb_column type=&#8221;4_4&#8243; _builder_version=&#8221;4.23.1&#8243; custom_padding=&#8221;|||&#8221; global_colors_info=&#8221;{}&#8221; custom_padding__hover=&#8221;|||&#8221;][et_pb_divider color=&#8221;#FEC60D&#8221; divider_position=&#8221;center&#8221; divider_weight=&#8221;5px&#8221; _builder_version=&#8221;4.16&#8243; max_width=&#8221;50px&#8221; locked=&#8221;off&#8221; global_colors_info=&#8221;{}&#8221;][\/et_pb_divider][et_pb_text _builder_version=&#8221;4.23.1&#8243; text_font=&#8221;||||||||&#8221; text_font_size=&#8221;15px&#8221; text_line_height=&#8221;1.8em&#8221; custom_padding=&#8221;|||&#8221; custom_padding_tablet=&#8221;|40px||40px||true&#8221; custom_padding_last_edited=&#8221;off|desktop&#8221; hover_enabled=&#8221;0&#8243; locked=&#8221;off&#8221; global_colors_info=&#8221;{}&#8221; sticky_enabled=&#8221;0&#8243;]<\/p>\n<div class=\"flex-1 overflow-hidden\">\n<div class=\"react-scroll-to-bottom--css-tbmgq-79elbk h-full\">\n<div class=\"react-scroll-to-bottom--css-tbmgq-1n7m0yu\">\n<div class=\"flex flex-col pb-9 text-sm\">\n<div class=\"w-full text-token-text-primary\" data-testid=\"conversation-turn-29\">\n<div class=\"px-4 py-2 justify-center text-base md:gap-6 m-auto\">\n<div class=\"flex flex-1 text-base mx-auto gap-3 md:px-5 lg:px-1 xl:px-5 md:max-w-3xl lg:max-w-[40rem] xl:max-w-[48rem] group final-completion\">\n<div class=\"relative flex w-full flex-col lg:w-[calc(100%-115px)] agent-turn\" style=\"text-align: justify;\">En este \u00e1mbito, el Centro de Astro-Ingenier\u00eda trabaja con el objetivo de posicionar a Chile en la industria de los consorcios de observatorios instalados en Chile, a trav\u00e9s del desarrollo de instrumentaci\u00f3n astron\u00f3mica, asi como el desarrollo de diversas t\u00e9cnicas y sistemas.<\/div>\n<p><span><\/span><\/p>\n<div class=\"relative flex w-full flex-col lg:w-[calc(100%-115px)] agent-turn\" style=\"text-align: justify;\">A 15 a\u00f1os de su creaci\u00f3n, el AIUC ha dise\u00f1ado e instalado en telescopios y observatorios del norte de nuestro pa\u00eds varios instrumentos de observaci\u00f3n astron\u00f3mica, sistemas de control de telescopios, asi como tambi\u00e9n ha desarrollado diversas t\u00e9cnicas en an\u00e1lisis de datos en astronom\u00eda, y sistemas de calibraci\u00f3n.<\/div>\n<p><span><\/span><\/p>\n<div class=\"relative flex w-full flex-col lg:w-[calc(100%-115px)] agent-turn\" style=\"text-align: justify;\">Entre los productos y servicios que ya han sido exitosamente transferidos a la industria de los observatorios se cuentan:<\/div>\n<p><span><\/span><\/p>\n<div class=\"relative flex w-full flex-col lg:w-[calc(100%-115px)] agent-turn\" style=\"text-align: justify;\"><\/div>\n<ul>\n<li class=\"relative flex w-full flex-col lg:w-[calc(100%-115px)] agent-turn\" style=\"text-align: justify;\">Espectr\u00f3grafo FIDEOS<\/li>\n<li class=\"relative flex w-full flex-col lg:w-[calc(100%-115px)] agent-turn\" style=\"text-align: justify;\">Espectr\u00f3grafo PUCHEROS+<\/li>\n<li class=\"relative flex w-full flex-col lg:w-[calc(100%-115px)] agent-turn\" style=\"text-align: justify;\">Espectr\u00f3grafo PLATOSpec<\/li>\n<li class=\"relative flex w-full flex-col lg:w-[calc(100%-115px)] agent-turn\" style=\"text-align: justify;\">HOVERCAL, sistema de calibraci\u00f3n de antenas para el estudio de CMB.<\/li>\n<li class=\"relative flex w-full flex-col lg:w-[calc(100%-115px)] agent-turn\" style=\"text-align: justify;\">Sistema de fotogrametr\u00eda de precisi\u00f3n para la caracterizaci\u00f3n de telescopios milim\u00e9tricos.<\/li>\n<\/ul>\n<div class=\"relative flex w-full flex-col lg:w-[calc(100%-115px)] agent-turn\" style=\"text-align: justify;\"><\/div>\n<\/div>\n<\/div>\n<\/div>\n<\/div>\n<\/div>\n<\/div>\n<\/div>\n<p>[\/et_pb_text][et_pb_text _builder_version=&#8221;4.23.1&#8243; text_font=&#8221;||||||||&#8221; text_font_size=&#8221;15px&#8221; text_line_height=&#8221;1.8em&#8221; custom_padding=&#8221;|||&#8221; custom_padding_tablet=&#8221;|40px||40px||true&#8221; custom_padding_last_edited=&#8221;off|desktop&#8221; hover_enabled=&#8221;0&#8243; locked=&#8221;off&#8221; global_colors_info=&#8221;{}&#8221; sticky_enabled=&#8221;0&#8243;]<\/p>\n<div class=\"flex-1 overflow-hidden\">\n<div class=\"react-scroll-to-bottom--css-tbmgq-79elbk h-full\">\n<div class=\"react-scroll-to-bottom--css-tbmgq-1n7m0yu\">\n<div class=\"flex flex-col pb-9 text-sm\">\n<div class=\"w-full text-token-text-primary\" data-testid=\"conversation-turn-29\">\n<div class=\"px-4 py-2 justify-center text-base md:gap-6 m-auto\">\n<div class=\"flex flex-1 text-base mx-auto gap-3 md:px-5 lg:px-1 xl:px-5 md:max-w-3xl lg:max-w-[40rem] xl:max-w-[48rem] group final-completion\">\n<div class=\"relative flex w-full flex-col lg:w-[calc(100%-115px)] agent-turn\" style=\"text-align: justify;\">\n<p>Actualmente el Centro trabaja en el espectr\u00f3grafo TARdYS que ser\u00e1 instalado en el telescopio TAO de la Universidad de Jap\u00f3n en el llano de Chajnantor, regi\u00f3n de Antofagasta, en el reacondicionamiento y desarrollo del sistema de control de telescopio del CHINCHAY-70, telescopio ubicado en el Observatorio Las Campanas, regi\u00f3n de Atacama.<\/p>\n<p>Para el futuro, el AIUC proyecta seguir aumentando esta transferencia tecnol\u00f3gica a trav\u00e9s de diversos productos y servicios, y ampliando sus horizontes hacia la industria aeroespacial.<\/p>\n<\/div>\n<ul><\/ul>\n<div class=\"relative flex w-full flex-col lg:w-[calc(100%-115px)] agent-turn\" style=\"text-align: justify;\"><\/div>\n<\/div>\n<\/div>\n<\/div>\n<\/div>\n<\/div>\n<\/div>\n<\/div>\n<p>[\/et_pb_text][\/et_pb_column][\/et_pb_row][\/et_pb_section]<\/p>\n","protected":false},"excerpt":{"rendered":"<p>Transferencia Tecnol\u00f3gicaEstablecemos alianzas y colaboraciones estrat\u00e9gicas para la Transferencia Tecnol\u00f3gica hacia la industria, con principal foco en la industria de los observatorios en Chile. En este \u00e1mbito, el Centro de Astro-Ingenier\u00eda trabaja con el objetivo de posicionar a Chile en la industria de los consorcios de observatorios instalados en Chile, a trav\u00e9s del desarrollo de [&hellip;]<\/p>\n","protected":false},"author":4,"featured_media":0,"parent":0,"menu_order":0,"comment_status":"closed","ping_status":"closed","template":"","meta":{"_et_pb_use_builder":"on","_et_pb_old_content":"","_et_gb_content_width":"","footnotes":""},"_links":{"self":[{"href":"https:\/\/www.aiuc.puc.cl\/index.php?rest_route=\/wp\/v2\/pages\/767"}],"collection":[{"href":"https:\/\/www.aiuc.puc.cl\/index.php?rest_route=\/wp\/v2\/pages"}],"about":[{"href":"https:\/\/www.aiuc.puc.cl\/index.php?rest_route=\/wp\/v2\/types\/page"}],"author":[{"embeddable":true,"href":"https:\/\/www.aiuc.puc.cl\/index.php?rest_route=\/wp\/v2\/users\/4"}],"replies":[{"embeddable":true,"href":"https:\/\/www.aiuc.puc.cl\/index.php?rest_route=%2Fwp%2Fv2%2Fcomments&post=767"}],"version-history":[{"count":15,"href":"https:\/\/www.aiuc.puc.cl\/index.php?rest_route=\/wp\/v2\/pages\/767\/revisions"}],"predecessor-version":[{"id":2003,"href":"https:\/\/www.aiuc.puc.cl\/index.php?rest_route=\/wp\/v2\/pages\/767\/revisions\/2003"}],"wp:attachment":[{"href":"https:\/\/www.aiuc.puc.cl\/index.php?rest_route=%2Fwp%2Fv2%2Fmedia&parent=767"}],"curies":[{"name":"wp","href":"https:\/\/api.w.org\/{rel}","templated":true}]}}